{"id":20207,"date":"2024-06-10T11:48:33","date_gmt":"2024-06-10T11:48:33","guid":{"rendered":"https:\/\/dallenogare.it\/proposta-terreno-edificabile\/"},"modified":"2026-05-05T12:18:50","modified_gmt":"2026-05-05T12:18:50","slug":"angebot-fuer-baugrundstueck","status":"publish","type":"page","link":"https:\/\/dallenogare.it\/de\/angebot-fuer-baugrundstueck\/","title":{"rendered":"Angebot f\u00fcr Baugrundst\u00fcck"},"content":{"rendered":"\t\t<div data-elementor-type=\"wp-page\" data-elementor-id=\"20207\" class=\"elementor elementor-20207 elementor-14511\">\n\t\t\t\t<div class=\"elementor-element elementor-element-29cc782 e-flex e-con-boxed e-con e-parent\" data-id=\"29cc782\" data-element_type=\"container\" data-e-type=\"container\">\n\t\t\t\t\t<div class=\"e-con-inner\">\n\t\t\t\t<div class=\"elementor-element elementor-element-899d7e9 elementor-widget elementor-widget-archicon_core_section_title\" data-id=\"899d7e9\" data-element_type=\"widget\" data-e-type=\"widget\" data-widget_type=\"archicon_core_section_title.default\">\n\t\t\t\t<div class=\"elementor-widget-container\">\n\t\t\t\t\t<div class=\"qodef-shortcode qodef-m  qodef-section-title qodef-alignment--left   \"  >\n\t\t\t<h2 class=\"qodef-m-title\" >\n\t<span class=\"qodef-m-title-inner\" >\n\t\t\tM\u00f6chten Sie uns ein bebaubares Grundst\u00fcck anbieten? Kontaktieren Sie uns!\t\t<\/span>\n\t<\/h2>\n\t\t<\/div>\n\t\t\t\t<\/div>\n\t\t\t\t<\/div>\n\t\t\t\t<div class=\"elementor-element elementor-element-9f4b1e3 elementor-widget elementor-widget-qi_addons_for_elementor_contact_form_7\" data-id=\"9f4b1e3\" data-element_type=\"widget\" data-e-type=\"widget\" data-widget_type=\"qi_addons_for_elementor_contact_form_7.default\">\n\t\t\t\t<div class=\"elementor-widget-container\">\n\t\t\t\t\t<div class=\"qodef-shortcode qodef-m qodef-qi-contact-form-7\">\n\t\n<div class=\"wpcf7 no-js\" id=\"wpcf7-f20211-o1\" lang=\"de-DE\" dir=\"ltr\" data-wpcf7-id=\"20211\">\n<div class=\"screen-reader-response\"><p role=\"status\" aria-live=\"polite\" aria-atomic=\"true\"><\/p> <ul><\/ul><\/div>\n<form action=\"\/de\/wp-json\/wp\/v2\/pages\/20207#wpcf7-f20211-o1\" method=\"post\" class=\"wpcf7-form init\" aria-label=\"Kontaktformular\" novalidate=\"novalidate\" data-status=\"init\">\n<fieldset class=\"hidden-fields-container\"><input type=\"hidden\" name=\"_wpcf7\" value=\"20211\" \/><input type=\"hidden\" name=\"_wpcf7_version\" value=\"6.1.5\" \/><input type=\"hidden\" name=\"_wpcf7_locale\" value=\"de_DE\" \/><input type=\"hidden\" name=\"_wpcf7_unit_tag\" value=\"wpcf7-f20211-o1\" \/><input type=\"hidden\" name=\"_wpcf7_container_post\" value=\"0\" \/><input type=\"hidden\" name=\"_wpcf7_posted_data_hash\" value=\"\" \/><input type=\"hidden\" name=\"_wpcf7dtx_version\" value=\"5.0.5\" \/>\n<\/fieldset>\n<div class=\"gweb-w-50\">Name * <span class=\"wpcf7-form-control-wrap\" data-name=\"nome\"><input size=\"40\" maxlength=\"400\" class=\"wpcf7-form-control wpcf7-text wpcf7-validates-as-required\" aria-required=\"true\" aria-invalid=\"false\" value=\"\" type=\"text\" name=\"nome\" \/><\/span><\/div>\n<div class=\"gweb-w-50\">Nachname * <span class=\"wpcf7-form-control-wrap\" data-name=\"cognome\"><input size=\"40\" maxlength=\"400\" class=\"wpcf7-form-control wpcf7-text wpcf7-validates-as-required\" aria-required=\"true\" aria-invalid=\"false\" value=\"\" type=\"text\" name=\"cognome\" \/><\/span><\/div>\n<contenitore>\n<div class=\"gweb-w-66\">Email * <span class=\"wpcf7-form-control-wrap\" data-name=\"email-281\"><input size=\"40\" maxlength=\"400\" class=\"wpcf7-form-control wpcf7-email wpcf7-validates-as-required wpcf7-text wpcf7-validates-as-email\" aria-required=\"true\" aria-invalid=\"false\" value=\"\" type=\"email\" name=\"email-281\" \/><\/span><\/div>\n<div class=\"gweb-w-33\">Telefon <span class=\"wpcf7-form-control-wrap\" data-name=\"tel-141\"><input size=\"40\" maxlength=\"400\" class=\"wpcf7-form-control wpcf7-tel wpcf7-text wpcf7-validates-as-tel\" aria-invalid=\"false\" value=\"\" type=\"tel\" name=\"tel-141\" \/><\/span><\/div>\n<\/contenitore>\n<div>Ist dein Grundst\u00fcck unbebaut? <span class=\"wpcf7-form-control-wrap\" data-name=\"edificazioni\"><span class=\"wpcf7-form-control wpcf7-radio\"><span class=\"wpcf7-list-item first\"><label><input type=\"radio\" name=\"edificazioni\" value=\"Ja\" checked=\"checked\" \/><span class=\"wpcf7-list-item-label\">Ja<\/span><\/label><\/span><span class=\"wpcf7-list-item last\"><label><input type=\"radio\" name=\"edificazioni\" value=\"Nein\" \/><span class=\"wpcf7-list-item-label\">Nein<\/span><\/label><\/span><\/span><\/span><\/div>\n<div class=\"dimensioni\">Wie gro\u00df ist dein Grundst\u00fcck? <span class=\"wpcf7-form-control-wrap\" data-name=\"dimensioni\"><input class=\"wpcf7-form-control wpcf7-number wpcf7-validates-as-number\" min=\"0\" aria-invalid=\"false\" value=\"\" type=\"number\" name=\"dimensioni\" \/><\/span> mq<\/div>\n<div>Wozu wird dein Grundst\u00fcck genutzt? <span class=\"wpcf7-form-control-wrap\" data-name=\"destinazione\"><select class=\"wpcf7-form-control wpcf7-select\" aria-invalid=\"false\" name=\"destinazione\"><option value=\"Landwirtschaft\">Landwirtschaft<\/option><option value=\"Gewerbe\">Gewerbe<\/option><option value=\"Wohngeb\u00e4ude\">Wohngeb\u00e4ude<\/option><option value=\"Industrie\">Industrie<\/option><\/select><\/span><\/div>\n<div class=\"extra\">M\u00f6chtest du uns noch etwas mitteilen? <span class=\"wpcf7-form-control-wrap\" data-name=\"extra\"><textarea cols=\"40\" rows=\"4\" maxlength=\"2000\" class=\"wpcf7-form-control wpcf7-textarea\" aria-invalid=\"false\" name=\"extra\"><\/textarea><\/span><\/div>\n<div class=\"extra\"><span class=\"wpcf7-form-control-wrap\" data-name=\"acceptance-742\"><span class=\"wpcf7-form-control wpcf7-acceptance\"><span class=\"wpcf7-list-item\"><label><input type=\"checkbox\" name=\"acceptance-742\" value=\"1\" aria-invalid=\"false\" \/><span class=\"wpcf7-list-item-label\">Nach und f\u00fcr die Zwecke der Artikel 6, 13 e 15 of EU-Verordnung 2016\/679, erkl\u00e4re ich das Ziel <a href=\"\/privacy-policy\/\" target=\"_blank\">Informationen<\/a> f\u00fcr die Verarbeitung personenbezogener Daten.<\/span><\/label><\/span><\/span><\/span><\/div>\n<div><button class=\"wpcf7-form-control wpcf7-submit qodef-button qodef-size--normal qodef-layout--filled qodef-m\" type=\"submit\"><span class=\"qodef-m-reveal\"><\/span><span class=\"qodef-m-text\">Senden<\/span><\/button><\/div><div class=\"wpcf7-response-output\" aria-hidden=\"true\"><\/div>\n<\/form>\n<\/div>\n<\/div>\n\t\t\t\t<\/div>\n\t\t\t\t<\/div>\n\t\t\t\t\t<\/div>\n\t\t\t\t<\/div>\n\t\t\t\t<\/div>\n\t\t","protected":false},"excerpt":{"rendered":"<p>M\u00f6chten Sie uns ein bebaubares Grundst\u00fcck anbieten? Kontaktieren Sie uns! Name * Nachname * Email * Telefon Ist dein Grundst\u00fcck unbebaut? JaNein Wie gro\u00df ist dein Grundst\u00fcck? mq Wozu wird dein Grundst\u00fcck genutzt? LandwirtschaftGewerbeWohngeb\u00e4udeIndustrie M\u00f6chtest du uns noch etwas mitteilen? Nach und f\u00fcr die Zwecke der Artikel 6, 13 e 15 of EU-Verordnung 2016\/679, erkl\u00e4re [&hellip;]<\/p>\n","protected":false},"author":1,"featured_media":0,"parent":0,"menu_order":0,"comment_status":"closed","ping_status":"closed","template":"","meta":{"_acf_changed":false,"inline_featured_image":false,"footnotes":""},"class_list":["post-20207","page","type-page","status-publish","hentry"],"acf":[],"yoast_head":"<!-- This site is optimized with the Yoast SEO plugin v27.5 - https:\/\/yoast.com\/product\/yoast-seo-wordpress\/ -->\n<title>Angebot f\u00fcr Baugrundst\u00fcck - Dalle Nogare<\/title>\n<meta name=\"robots\" content=\"index, follow, max-snippet:-1, max-image-preview:large, max-video-preview:-1\" \/>\n<link rel=\"canonical\" href=\"https:\/\/dallenogare.it\/en\/proposal-for-building-land\/\" \/>\n<meta property=\"og:locale\" content=\"de_DE\" \/>\n<meta property=\"og:type\" content=\"article\" \/>\n<meta property=\"og:title\" content=\"Angebot f\u00fcr Baugrundst\u00fcck - Dalle Nogare\" \/>\n<meta property=\"og:description\" content=\"M\u00f6chten Sie uns ein bebaubares Grundst\u00fcck anbieten? Kontaktieren Sie uns! Name * Nachname * Email * Telefon Ist dein Grundst\u00fcck unbebaut? JaNein Wie gro\u00df ist dein Grundst\u00fcck? mq Wozu wird dein Grundst\u00fcck genutzt? LandwirtschaftGewerbeWohngeb\u00e4udeIndustrie M\u00f6chtest du uns noch etwas mitteilen? Nach und f\u00fcr die Zwecke der Artikel 6, 13 e 15 of EU-Verordnung 2016\/679, erkl\u00e4re [&hellip;]\" \/>\n<meta property=\"og:url\" content=\"https:\/\/dallenogare.it\/en\/proposal-for-building-land\/\" \/>\n<meta property=\"og:site_name\" content=\"Dalle Nogare\" \/>\n<meta property=\"article:modified_time\" content=\"2026-05-05T12:18:50+00:00\" \/>\n<meta name=\"twitter:card\" content=\"summary_large_image\" \/>\n<meta name=\"twitter:label1\" content=\"Gesch\u00e4tzte Lesezeit\" \/>\n\t<meta name=\"twitter:data1\" content=\"1\u00a0Minute\" \/>\n<script type=\"application\/ld+json\" class=\"yoast-schema-graph\">{\"@context\":\"https:\\\/\\\/schema.org\",\"@graph\":[{\"@type\":\"WebPage\",\"@id\":\"https:\\\/\\\/dallenogare.it\\\/en\\\/proposal-for-building-land\\\/\",\"url\":\"https:\\\/\\\/dallenogare.it\\\/en\\\/proposal-for-building-land\\\/\",\"name\":\"Angebot f\u00fcr Baugrundst\u00fcck - Dalle Nogare\",\"isPartOf\":{\"@id\":\"https:\\\/\\\/dallenogare.it\\\/#website\"},\"datePublished\":\"2024-06-10T11:48:33+00:00\",\"dateModified\":\"2026-05-05T12:18:50+00:00\",\"breadcrumb\":{\"@id\":\"https:\\\/\\\/dallenogare.it\\\/en\\\/proposal-for-building-land\\\/#breadcrumb\"},\"inLanguage\":\"de\",\"potentialAction\":[{\"@type\":\"ReadAction\",\"target\":[\"https:\\\/\\\/dallenogare.it\\\/en\\\/proposal-for-building-land\\\/\"]}]},{\"@type\":\"BreadcrumbList\",\"@id\":\"https:\\\/\\\/dallenogare.it\\\/en\\\/proposal-for-building-land\\\/#breadcrumb\",\"itemListElement\":[{\"@type\":\"ListItem\",\"position\":1,\"name\":\"Home\",\"item\":\"https:\\\/\\\/dallenogare.it\\\/\"},{\"@type\":\"ListItem\",\"position\":2,\"name\":\"Angebot f\u00fcr Baugrundst\u00fcck\"}]},{\"@type\":\"WebSite\",\"@id\":\"https:\\\/\\\/dallenogare.it\\\/#website\",\"url\":\"https:\\\/\\\/dallenogare.it\\\/\",\"name\":\"Dalle Nogare\",\"description\":\"\",\"potentialAction\":[{\"@type\":\"SearchAction\",\"target\":{\"@type\":\"EntryPoint\",\"urlTemplate\":\"https:\\\/\\\/dallenogare.it\\\/?s={search_term_string}\"},\"query-input\":{\"@type\":\"PropertyValueSpecification\",\"valueRequired\":true,\"valueName\":\"search_term_string\"}}],\"inLanguage\":\"de\"}]}<\/script>\n<!-- \/ Yoast SEO plugin. -->","yoast_head_json":{"title":"Angebot f\u00fcr Baugrundst\u00fcck - Dalle Nogare","robots":{"index":"index","follow":"follow","max-snippet":"max-snippet:-1","max-image-preview":"max-image-preview:large","max-video-preview":"max-video-preview:-1"},"canonical":"https:\/\/dallenogare.it\/en\/proposal-for-building-land\/","og_locale":"de_DE","og_type":"article","og_title":"Angebot f\u00fcr Baugrundst\u00fcck - Dalle Nogare","og_description":"M\u00f6chten Sie uns ein bebaubares Grundst\u00fcck anbieten? Kontaktieren Sie uns! Name * Nachname * Email * Telefon Ist dein Grundst\u00fcck unbebaut? JaNein Wie gro\u00df ist dein Grundst\u00fcck? mq Wozu wird dein Grundst\u00fcck genutzt? LandwirtschaftGewerbeWohngeb\u00e4udeIndustrie M\u00f6chtest du uns noch etwas mitteilen? Nach und f\u00fcr die Zwecke der Artikel 6, 13 e 15 of EU-Verordnung 2016\/679, erkl\u00e4re [&hellip;]","og_url":"https:\/\/dallenogare.it\/en\/proposal-for-building-land\/","og_site_name":"Dalle Nogare","article_modified_time":"2026-05-05T12:18:50+00:00","twitter_card":"summary_large_image","twitter_misc":{"Gesch\u00e4tzte Lesezeit":"1\u00a0Minute"},"schema":{"@context":"https:\/\/schema.org","@graph":[{"@type":"WebPage","@id":"https:\/\/dallenogare.it\/en\/proposal-for-building-land\/","url":"https:\/\/dallenogare.it\/en\/proposal-for-building-land\/","name":"Angebot f\u00fcr Baugrundst\u00fcck - Dalle Nogare","isPartOf":{"@id":"https:\/\/dallenogare.it\/#website"},"datePublished":"2024-06-10T11:48:33+00:00","dateModified":"2026-05-05T12:18:50+00:00","breadcrumb":{"@id":"https:\/\/dallenogare.it\/en\/proposal-for-building-land\/#breadcrumb"},"inLanguage":"de","potentialAction":[{"@type":"ReadAction","target":["https:\/\/dallenogare.it\/en\/proposal-for-building-land\/"]}]},{"@type":"BreadcrumbList","@id":"https:\/\/dallenogare.it\/en\/proposal-for-building-land\/#breadcrumb","itemListElement":[{"@type":"ListItem","position":1,"name":"Home","item":"https:\/\/dallenogare.it\/"},{"@type":"ListItem","position":2,"name":"Angebot f\u00fcr Baugrundst\u00fcck"}]},{"@type":"WebSite","@id":"https:\/\/dallenogare.it\/#website","url":"https:\/\/dallenogare.it\/","name":"Dalle Nogare","description":"","potentialAction":[{"@type":"SearchAction","target":{"@type":"EntryPoint","urlTemplate":"https:\/\/dallenogare.it\/?s={search_term_string}"},"query-input":{"@type":"PropertyValueSpecification","valueRequired":true,"valueName":"search_term_string"}}],"inLanguage":"de"}]}},"_links":{"self":[{"href":"https:\/\/dallenogare.it\/de\/wp-json\/wp\/v2\/pages\/20207","targetHints":{"allow":["GET"]}}],"collection":[{"href":"https:\/\/dallenogare.it\/de\/wp-json\/wp\/v2\/pages"}],"about":[{"href":"https:\/\/dallenogare.it\/de\/wp-json\/wp\/v2\/types\/page"}],"author":[{"embeddable":true,"href":"https:\/\/dallenogare.it\/de\/wp-json\/wp\/v2\/users\/1"}],"replies":[{"embeddable":true,"href":"https:\/\/dallenogare.it\/de\/wp-json\/wp\/v2\/comments?post=20207"}],"version-history":[{"count":7,"href":"https:\/\/dallenogare.it\/de\/wp-json\/wp\/v2\/pages\/20207\/revisions"}],"predecessor-version":[{"id":20220,"href":"https:\/\/dallenogare.it\/de\/wp-json\/wp\/v2\/pages\/20207\/revisions\/20220"}],"wp:attachment":[{"href":"https:\/\/dallenogare.it\/de\/wp-json\/wp\/v2\/media?parent=20207"}],"curies":[{"name":"wp","href":"https:\/\/api.w.org\/{rel}","templated":true}]}}